{"id":7244,"date":"2025-04-09T15:32:16","date_gmt":"2025-04-09T14:32:16","guid":{"rendered":"https:\/\/www.buettenberg.ch\/physiotherapie\/"},"modified":"2026-02-22T14:31:31","modified_gmt":"2026-02-22T13:31:31","slug":"physiotherapie","status":"publish","type":"page","link":"https:\/\/www.buettenberg.ch\/fr\/services\/physiotherapie\/","title":{"rendered":"Physioth\u00e9rapie"},"content":{"rendered":"\t\t<div data-elementor-type=\"wp-page\" data-elementor-id=\"7244\" class=\"elementor elementor-7244 elementor-3828\" data-elementor-post-type=\"page\">\n\t\t\t\t<div class=\"elementor-element elementor-element-dbb3cab e-flex e-con-boxed e-con e-parent\" data-id=\"dbb3cab\" data-element_type=\"container\" data-e-type=\"container\" data-settings=\"{&quot;background_background&quot;:&quot;classic&quot;}\">\n\t\t\t\t\t<div class=\"e-con-inner\">\n\t\t<div class=\"elementor-element elementor-element-8e03164 e-con-full e-flex e-con e-child\" data-id=\"8e03164\" data-element_type=\"container\" data-e-type=\"container\">\n\t\t\t\t<div class=\"elementor-element elementor-element-339184c elementor-widget elementor-widget-heading\" data-id=\"339184c\" data-element_type=\"widget\" data-e-type=\"widget\" data-widget_type=\"heading.default\">\n\t\t\t\t<div class=\"elementor-widget-container\">\n\t\t\t\t\t<h1 class=\"elementor-heading-title elementor-size-default\">Physioth\u00e9rapie<\/h1>\t\t\t\t<\/div>\n\t\t\t\t<\/div>\n\t\t\t\t<\/div>\n\t\t\t\t\t<\/div>\n\t\t\t\t<\/div>\n\t\t<div class=\"elementor-element elementor-element-eda87ba e-flex e-con-boxed e-con e-parent\" data-id=\"eda87ba\" data-element_type=\"container\" data-e-type=\"container\" data-settings=\"{&quot;background_background&quot;:&quot;classic&quot;}\">\n\t\t\t\t\t<div class=\"e-con-inner\">\n\t\t<div class=\"elementor-element elementor-element-f48ebf7 e-con-full e-flex e-con e-child\" data-id=\"f48ebf7\" data-element_type=\"container\" data-e-type=\"container\">\n\t\t<div class=\"elementor-element elementor-element-21c0427 e-con-full e-flex e-con e-child\" data-id=\"21c0427\" data-element_type=\"container\" data-e-type=\"container\">\n\t\t\t\t<div class=\"elementor-element elementor-element-d2d1880 elementor-widget__width-initial elementor-hidden-mobile elementor-widget elementor-widget-spacer\" data-id=\"d2d1880\" data-element_type=\"widget\" data-e-type=\"widget\" data-widget_type=\"spacer.default\">\n\t\t\t\t<div class=\"elementor-widget-container\">\n\t\t\t\t\t\t\t<div class=\"elementor-spacer\">\n\t\t\t<div class=\"elementor-spacer-inner\"><\/div>\n\t\t<\/div>\n\t\t\t\t\t\t<\/div>\n\t\t\t\t<\/div>\n\t\t\t\t<div class=\"elementor-element elementor-element-159b27c elementor-widget elementor-widget-heading\" data-id=\"159b27c\" data-element_type=\"widget\" data-e-type=\"widget\" data-widget_type=\"heading.default\">\n\t\t\t\t<div class=\"elementor-widget-container\">\n\t\t\t\t\t<h2 class=\"elementor-heading-title elementor-size-default\">Pr\u00e9server la mobilit\u00e9 \u2013 renforcer la qualit\u00e9 de vie<\/h2>\t\t\t\t<\/div>\n\t\t\t\t<\/div>\n\t\t\t\t<\/div>\n\t\t\t\t<\/div>\n\t\t<div class=\"elementor-element elementor-element-1b2cfbb e-con-full e-flex e-con e-child\" data-id=\"1b2cfbb\" data-element_type=\"container\" data-e-type=\"container\">\n\t\t\t\t<div class=\"elementor-element elementor-element-d40f6db elementor-widget elementor-widget-text-editor\" data-id=\"d40f6db\" data-element_type=\"widget\" data-e-type=\"widget\" data-widget_type=\"text-editor.default\">\n\t\t\t\t<div class=\"elementor-widget-container\">\n\t\t\t\t\t\t\t\t\t<p>Une activit\u00e9 cibl\u00e9e contribue \u00e0 maintenir l\u2019autonomie et \u00e0 am\u00e9liorer la qualit\u00e9 de vie. La physioth\u00e9rapie du B\u00fcttenberg accompagne nos r\u00e9sidentes et r\u00e9sidents de mani\u00e8re personnalis\u00e9e, gr\u00e2ce \u00e0 des traitements adapt\u00e9s directement sur place.<\/p>\t\t\t\t\t\t\t\t<\/div>\n\t\t\t\t<\/div>\n\t\t\t\t<\/div>\n\t\t\t\t\t<\/div>\n\t\t\t\t<\/div>\n\t\t<div class=\"elementor-element elementor-element-43cc25b e-flex e-con-boxed e-con e-parent\" data-id=\"43cc25b\" data-element_type=\"container\" data-e-type=\"container\" data-settings=\"{&quot;background_background&quot;:&quot;classic&quot;}\">\n\t\t\t\t\t<div class=\"e-con-inner\">\n\t\t<div class=\"elementor-element elementor-element-e38081d e-con-full e-flex e-con e-child\" data-id=\"e38081d\" data-element_type=\"container\" data-e-type=\"container\">\n\t\t<div class=\"elementor-element elementor-element-75c29fa e-con-full e-flex e-con e-child\" data-id=\"75c29fa\" data-element_type=\"container\" data-e-type=\"container\">\n\t\t\t\t<div class=\"elementor-element elementor-element-927f2a0 elementor-widget__width-inherit elementor-widget elementor-widget-heading\" data-id=\"927f2a0\" data-element_type=\"widget\" data-e-type=\"widget\" data-widget_type=\"heading.default\">\n\t\t\t\t<div class=\"elementor-widget-container\">\n\t\t\t\t\t<h4 class=\"elementor-heading-title elementor-size-default\">Notre offre<\/h4>\t\t\t\t<\/div>\n\t\t\t\t<\/div>\n\t\t\t\t<div class=\"elementor-element elementor-element-01d261c elementor-position-inline-start elementor-mobile-position-inline-start elementor-view-default elementor-invisible elementor-widget elementor-widget-icon-box\" data-id=\"01d261c\" data-element_type=\"widget\" data-e-type=\"widget\" data-settings=\"{&quot;_animation&quot;:&quot;fadeInUp&quot;}\" data-widget_type=\"icon-box.default\">\n\t\t\t\t<div class=\"elementor-widget-container\">\n\t\t\t\t\t\t\t<div class=\"elementor-icon-box-wrapper\">\n\n\t\t\t\t\t\t<div class=\"elementor-icon-box-icon\">\n\t\t\t\t<span  class=\"elementor-icon\">\n\t\t\t\t<svg xmlns=\"http:\/\/www.w3.org\/2000\/svg\" width=\"24\" height=\"24\" viewBox=\"0 0 24 24\" fill=\"none\"><path d=\"M14.262 3.6C13.196 2.532 12.662 2 12 2C11.338 2 10.804 2.533 9.738 3.6C9.098 4.24 8.464 4.536 7.552 4.536C6.756 4.536 5.622 4.382 5 5.009C4.382 5.632 4.536 6.761 4.536 7.552C4.536 8.464 4.239 9.098 3.599 9.738C2.533 10.804 2 11.338 2 12C2 12.662 2.533 13.196 3.6 14.262C4.316 14.979 4.536 15.442 4.536 16.448C4.536 17.244 4.382 18.378 5.009 19C5.632 19.617 6.761 19.464 7.552 19.464C8.523 19.464 8.992 19.654 9.685 20.347C10.275 20.937 11.066 22 12 22C12.934 22 13.725 20.937 14.315 20.347C15.009 19.654 15.477 19.464 16.448 19.464C17.239 19.464 18.368 19.618 18.991 19M18.991 19C19.618 18.378 19.464 17.244 19.464 16.448C19.464 15.442 19.684 14.979 20.4 14.262C21.467 13.196 22 12.662 22 12C22 11.338 21.467 10.804 20.401 9.738M18.991 19H19\" stroke=\"#FBBF00\" stroke-width=\"1.5\" stroke-linecap=\"round\" stroke-linejoin=\"round\"><\/path><path d=\"M8.5 9.5L12 13L21 3\" stroke=\"#FBBF00\" stroke-width=\"1.5\" stroke-linecap=\"round\" stroke-linejoin=\"round\"><\/path><\/svg>\t\t\t\t<\/span>\n\t\t\t<\/div>\n\t\t\t\n\t\t\t\t\t\t<div class=\"elementor-icon-box-content\">\n\n\t\t\t\t\t\t\t\t\t<h3 class=\"elementor-icon-box-title\">\n\t\t\t\t\t\t<span  >\n\t\t\t\t\t\t\tPromotion de la mobilit\u00e9 et pr\u00e9vention des chutes\t\t\t\t\t\t<\/span>\n\t\t\t\t\t<\/h3>\n\t\t\t\t\n\t\t\t\t\n\t\t\t<\/div>\n\t\t\t\n\t\t<\/div>\n\t\t\t\t\t\t<\/div>\n\t\t\t\t<\/div>\n\t\t\t\t<div class=\"elementor-element elementor-element-a2de526 elementor-position-inline-start elementor-mobile-position-inline-start elementor-widget-mobile__width-inherit elementor-view-default elementor-invisible elementor-widget elementor-widget-icon-box\" data-id=\"a2de526\" data-element_type=\"widget\" data-e-type=\"widget\" data-settings=\"{&quot;_animation&quot;:&quot;fadeInUp&quot;}\" data-widget_type=\"icon-box.default\">\n\t\t\t\t<div class=\"elementor-widget-container\">\n\t\t\t\t\t\t\t<div class=\"elementor-icon-box-wrapper\">\n\n\t\t\t\t\t\t<div class=\"elementor-icon-box-icon\">\n\t\t\t\t<span  class=\"elementor-icon\">\n\t\t\t\t<svg xmlns=\"http:\/\/www.w3.org\/2000\/svg\" width=\"24\" height=\"24\" viewBox=\"0 0 24 24\" fill=\"none\"><path d=\"M14.262 3.6C13.196 2.532 12.662 2 12 2C11.338 2 10.804 2.533 9.738 3.6C9.098 4.24 8.464 4.536 7.552 4.536C6.756 4.536 5.622 4.382 5 5.009C4.382 5.632 4.536 6.761 4.536 7.552C4.536 8.464 4.239 9.098 3.599 9.738C2.533 10.804 2 11.338 2 12C2 12.662 2.533 13.196 3.6 14.262C4.316 14.979 4.536 15.442 4.536 16.448C4.536 17.244 4.382 18.378 5.009 19C5.632 19.617 6.761 19.464 7.552 19.464C8.523 19.464 8.992 19.654 9.685 20.347C10.275 20.937 11.066 22 12 22C12.934 22 13.725 20.937 14.315 20.347C15.009 19.654 15.477 19.464 16.448 19.464C17.239 19.464 18.368 19.618 18.991 19M18.991 19C19.618 18.378 19.464 17.244 19.464 16.448C19.464 15.442 19.684 14.979 20.4 14.262C21.467 13.196 22 12.662 22 12C22 11.338 21.467 10.804 20.401 9.738M18.991 19H19\" stroke=\"#FBBF00\" stroke-width=\"1.5\" stroke-linecap=\"round\" stroke-linejoin=\"round\"><\/path><path d=\"M8.5 9.5L12 13L21 3\" stroke=\"#FBBF00\" stroke-width=\"1.5\" stroke-linecap=\"round\" stroke-linejoin=\"round\"><\/path><\/svg>\t\t\t\t<\/span>\n\t\t\t<\/div>\n\t\t\t\n\t\t\t\t\t\t<div class=\"elementor-icon-box-content\">\n\n\t\t\t\t\t\t\t\t\t<h3 class=\"elementor-icon-box-title\">\n\t\t\t\t\t\t<span  >\n\t\t\t\t\t\t\tTh\u00e9rapie de la douleur et r\u00e9\u00e9ducation\t\t\t\t\t\t<\/span>\n\t\t\t\t\t<\/h3>\n\t\t\t\t\n\t\t\t\t\n\t\t\t<\/div>\n\t\t\t\n\t\t<\/div>\n\t\t\t\t\t\t<\/div>\n\t\t\t\t<\/div>\n\t\t\t\t<div class=\"elementor-element elementor-element-602b5f8 elementor-position-inline-start elementor-mobile-position-inline-start elementor-widget-mobile__width-inherit elementor-view-default elementor-invisible elementor-widget elementor-widget-icon-box\" data-id=\"602b5f8\" data-element_type=\"widget\" data-e-type=\"widget\" data-settings=\"{&quot;_animation&quot;:&quot;fadeInUp&quot;}\" data-widget_type=\"icon-box.default\">\n\t\t\t\t<div class=\"elementor-widget-container\">\n\t\t\t\t\t\t\t<div class=\"elementor-icon-box-wrapper\">\n\n\t\t\t\t\t\t<div class=\"elementor-icon-box-icon\">\n\t\t\t\t<span  class=\"elementor-icon\">\n\t\t\t\t<svg xmlns=\"http:\/\/www.w3.org\/2000\/svg\" width=\"24\" height=\"24\" viewBox=\"0 0 24 24\" fill=\"none\"><path d=\"M14.262 3.6C13.196 2.532 12.662 2 12 2C11.338 2 10.804 2.533 9.738 3.6C9.098 4.24 8.464 4.536 7.552 4.536C6.756 4.536 5.622 4.382 5 5.009C4.382 5.632 4.536 6.761 4.536 7.552C4.536 8.464 4.239 9.098 3.599 9.738C2.533 10.804 2 11.338 2 12C2 12.662 2.533 13.196 3.6 14.262C4.316 14.979 4.536 15.442 4.536 16.448C4.536 17.244 4.382 18.378 5.009 19C5.632 19.617 6.761 19.464 7.552 19.464C8.523 19.464 8.992 19.654 9.685 20.347C10.275 20.937 11.066 22 12 22C12.934 22 13.725 20.937 14.315 20.347C15.009 19.654 15.477 19.464 16.448 19.464C17.239 19.464 18.368 19.618 18.991 19M18.991 19C19.618 18.378 19.464 17.244 19.464 16.448C19.464 15.442 19.684 14.979 20.4 14.262C21.467 13.196 22 12.662 22 12C22 11.338 21.467 10.804 20.401 9.738M18.991 19H19\" stroke=\"#FBBF00\" stroke-width=\"1.5\" stroke-linecap=\"round\" stroke-linejoin=\"round\"><\/path><path d=\"M8.5 9.5L12 13L21 3\" stroke=\"#FBBF00\" stroke-width=\"1.5\" stroke-linecap=\"round\" stroke-linejoin=\"round\"><\/path><\/svg>\t\t\t\t<\/span>\n\t\t\t<\/div>\n\t\t\t\n\t\t\t\t\t\t<div class=\"elementor-icon-box-content\">\n\n\t\t\t\t\t\t\t\t\t<h3 class=\"elementor-icon-box-title\">\n\t\t\t\t\t\t<span  >\n\t\t\t\t\t\t\tRenforcement musculaire et entra\u00eenement de la mobilit\u00e9\t\t\t\t\t\t<\/span>\n\t\t\t\t\t<\/h3>\n\t\t\t\t\n\t\t\t\t\n\t\t\t<\/div>\n\t\t\t\n\t\t<\/div>\n\t\t\t\t\t\t<\/div>\n\t\t\t\t<\/div>\n\t\t\t\t<\/div>\n\t\t\t\t<\/div>\n\t\t\t\t\t<\/div>\n\t\t\t\t<\/div>\n\t\t<div class=\"elementor-element elementor-element-0893c85 elementor-hidden-desktop elementor-hidden-tablet elementor-hidden-mobile e-flex e-con-boxed elementor-invisible e-con e-parent\" data-id=\"0893c85\" data-element_type=\"container\" data-e-type=\"container\" data-settings=\"{&quot;background_background&quot;:&quot;classic&quot;,&quot;animation&quot;:&quot;fadeInUp&quot;}\">\n\t\t\t\t\t<div class=\"e-con-inner\">\n\t\t<div class=\"elementor-element elementor-element-19f2f4a e-con-full e-flex e-con e-child\" data-id=\"19f2f4a\" data-element_type=\"container\" data-e-type=\"container\">\n\t\t\t\t<div class=\"elementor-element elementor-element-661ee4e elementor-widget elementor-widget-heading\" data-id=\"661ee4e\" data-element_type=\"widget\" data-e-type=\"widget\" data-widget_type=\"heading.default\">\n\t\t\t\t<div class=\"elementor-widget-container\">\n\t\t\t\t\t<h3 class=\"elementor-heading-title elementor-size-default\">Informations compl\u00e9mentaires et inscription<\/h3>\t\t\t\t<\/div>\n\t\t\t\t<\/div>\n\t\t<div class=\"elementor-element elementor-element-1e7a98c e-con-full e-flex e-con e-child\" data-id=\"1e7a98c\" data-element_type=\"container\" data-e-type=\"container\">\n\t\t\t\t<div class=\"elementor-element elementor-element-1048f2d elementor-view-default elementor-widget elementor-widget-icon\" data-id=\"1048f2d\" data-element_type=\"widget\" data-e-type=\"widget\" data-widget_type=\"icon.default\">\n\t\t\t\t<div class=\"elementor-widget-container\">\n\t\t\t\t\t\t\t<div class=\"elementor-icon-wrapper\">\n\t\t\t<a class=\"elementor-icon\" href=\"mailto:bewohnermgmt@buettenberg.ch\">\n\t\t\t<svg xmlns=\"http:\/\/www.w3.org\/2000\/svg\" width=\"24\" height=\"25\" viewBox=\"0 0 24 25\" fill=\"none\"><path fill-rule=\"evenodd\" clip-rule=\"evenodd\" d=\"M22.425 5.88245L12.9555 13.7244C12.6864 13.9474 12.3479 14.0694 11.9985 14.0694C11.6491 14.0694 11.3106 13.9474 11.0415 13.7244L1.5765 5.88245C1.52571 6.03531 1.49988 6.19536 1.5 6.35645V18.3564C1.5 18.7543 1.65804 19.1358 1.93934 19.4171C2.22064 19.6984 2.60218 19.8564 3 19.8564H21C21.3978 19.8564 21.7794 19.6984 22.0607 19.4171C22.342 19.1358 22.5 18.7543 22.5 18.3564V6.35645C22.5006 6.19544 22.4753 6.0354 22.425 5.88245ZM3 3.35645H21C21.7956 3.35645 22.5587 3.67252 23.1213 4.23512C23.6839 4.79773 24 5.5608 24 6.35645V18.3564C24 19.1521 23.6839 19.9152 23.1213 20.4778C22.5587 21.0404 21.7956 21.3564 21 21.3564H3C2.20435 21.3564 1.44129 21.0404 0.87868 20.4778C0.316071 19.9152 0 19.1521 0 18.3564V6.35645C0 5.5608 0.316071 4.79773 0.87868 4.23512C1.44129 3.67252 2.20435 3.35645 3 3.35645ZM2.685 4.85645L11.049 11.7609C11.3169 11.9822 11.6533 12.1036 12.0007 12.1044C12.3481 12.1052 12.6851 11.9854 12.954 11.7654L21.402 4.85645H2.685Z\" fill=\"#FBBF00\"><\/path><\/svg>\t\t\t<\/a>\n\t\t<\/div>\n\t\t\t\t\t\t<\/div>\n\t\t\t\t<\/div>\n\t\t\t\t<div class=\"elementor-element elementor-element-ba62f56 elementor-view-default elementor-widget elementor-widget-icon\" data-id=\"ba62f56\" data-element_type=\"widget\" data-e-type=\"widget\" data-widget_type=\"icon.default\">\n\t\t\t\t<div class=\"elementor-widget-container\">\n\t\t\t\t\t\t\t<div class=\"elementor-icon-wrapper\">\n\t\t\t<a class=\"elementor-icon\" href=\"tel:0323461717%20%20\">\n\t\t\t<svg xmlns=\"http:\/\/www.w3.org\/2000\/svg\" width=\"24\" height=\"24\" viewBox=\"0 0 24 24\" fill=\"none\"><path fill-rule=\"evenodd\" clip-rule=\"evenodd\" d=\"M5.73303 2.04305C6.95003 0.833052 8.95403 1.04805 9.97303 2.41005L11.235 4.09405C12.065 5.20205 11.991 6.75005 11.006 7.72905L10.768 7.96705C10.741 8.06696 10.7383 8.17187 10.76 8.27305C10.823 8.68105 11.164 9.54505 12.592 10.9651C14.02 12.3851 14.89 12.7251 15.304 12.7891C15.4083 12.81 15.5161 12.807 15.619 12.7801L16.027 12.3741C16.903 11.5041 18.247 11.3411 19.331 11.9301L21.241 12.9701C22.878 13.8581 23.291 16.0821 21.951 17.4151L20.53 18.8271C20.082 19.2721 19.48 19.6431 18.746 19.7121C16.936 19.8811 12.719 19.6651 8.28603 15.2581C4.14903 11.1441 3.35503 7.55605 3.25403 5.78805C3.20403 4.89405 3.62603 4.13805 4.16403 3.60405L5.73303 2.04305ZM8.77303 3.30905C8.26603 2.63205 7.32203 2.57805 6.79003 3.10705L5.22003 4.66705C4.89003 4.99505 4.73203 5.35705 4.75203 5.70305C4.83203 7.10805 5.47203 10.3451 9.34403 14.1951C13.406 18.2331 17.157 18.3541 18.607 18.2181C18.903 18.1911 19.197 18.0371 19.472 17.7641L20.892 16.3511C21.47 15.7771 21.343 14.7311 20.525 14.2871L18.615 13.2481C18.087 12.9621 17.469 13.0561 17.085 13.4381L16.63 13.8911L16.1 13.3591C16.63 13.8911 16.629 13.8921 16.628 13.8921L16.627 13.8941L16.624 13.8971L16.617 13.9031L16.602 13.9171C16.5598 13.9562 16.5143 13.9917 16.466 14.0231C16.386 14.0761 16.28 14.1351 16.147 14.1841C15.877 14.2851 15.519 14.3391 15.077 14.2711C14.21 14.1381 13.061 13.5471 11.534 12.0291C10.008 10.5111 9.41203 9.36905 9.27803 8.50305C9.20903 8.06105 9.26403 7.70305 9.36603 7.43305C9.42216 7.28112 9.50254 7.13928 9.60403 7.01305L9.63603 6.97805L9.65003 6.96305L9.65603 6.95705L9.65903 6.95405L9.66103 6.95205L9.94903 6.66605C10.377 6.23905 10.437 5.53205 10.034 4.99305L8.77303 3.30905Z\" fill=\"#FBBF00\"><\/path><\/svg>\t\t\t<\/a>\n\t\t<\/div>\n\t\t\t\t\t\t<\/div>\n\t\t\t\t<\/div>\n\t\t\t\t<\/div>\n\t\t\t\t<\/div>\n\t\t\t\t\t<\/div>\n\t\t\t\t<\/div>\n\t\t\t\t<\/div>\n\t\t","protected":false},"excerpt":{"rendered":"<p>Physioth\u00e9rapie Pr\u00e9server la mobilit\u00e9 \u2013 renforcer la qualit\u00e9 de vie Une activit\u00e9 cibl\u00e9e contribue \u00e0 maintenir l\u2019autonomie et \u00e0 am\u00e9liorer la qualit\u00e9 de vie. La physioth\u00e9rapie du B\u00fcttenberg accompagne nos r\u00e9sidentes et r\u00e9sidents de mani\u00e8re personnalis\u00e9e, gr\u00e2ce \u00e0 des traitements adapt\u00e9s directement sur place. Notre offre Promotion de la mobilit\u00e9 et pr\u00e9vention des chutes Th\u00e9rapie [&hellip;]<\/p>\n","protected":false},"author":1,"featured_media":0,"parent":7294,"menu_order":0,"comment_status":"closed","ping_status":"closed","template":"","meta":{"_jet_sm_ready_style":"","_jet_sm_style":"","_jet_sm_controls_values":"","_jet_sm_fonts_collection":"","_jet_sm_fonts_links":"","footnotes":""},"class_list":["post-7244","page","type-page","status-publish","hentry"],"yoast_head":"<!-- This site is optimized with the Yoast SEO plugin v27.2 - https:\/\/yoast.com\/product\/yoast-seo-wordpress\/ -->\n<title>Physioth\u00e9rapie | Die Stiftung B\u00fcttenberg<\/title>\n<meta name=\"description\" content=\"Physioth\u00e9rapie Pr\u00e9server la mobilit\u00e9 \u2013 renforcer la qualit\u00e9 de vie Une activit\u00e9 cibl\u00e9e contribue \u00e0 maintenir l\u2019autonomie et \u00e0 am\u00e9liorer la qualit\u00e9 de vie.\" \/>\n<meta name=\"robots\" content=\"index, follow, max-snippet:-1, max-image-preview:large, max-video-preview:-1\" \/>\n<link rel=\"canonical\" href=\"https:\/\/www.buettenberg.ch\/fr\/services\/physiotherapie\/\" \/>\n<meta property=\"og:locale\" content=\"fr_FR\" \/>\n<meta property=\"og:type\" content=\"article\" \/>\n<meta property=\"og:title\" content=\"Physioth\u00e9rapie | Die Stiftung B\u00fcttenberg\" \/>\n<meta property=\"og:description\" content=\"Physioth\u00e9rapie Pr\u00e9server la mobilit\u00e9 \u2013 renforcer la qualit\u00e9 de vie Une activit\u00e9 cibl\u00e9e contribue \u00e0 maintenir l\u2019autonomie et \u00e0 am\u00e9liorer la qualit\u00e9 de vie.\" \/>\n<meta property=\"og:url\" content=\"https:\/\/www.buettenberg.ch\/fr\/services\/physiotherapie\/\" \/>\n<meta property=\"og:site_name\" content=\"Die Stiftung B\u00fcttenberg\" \/>\n<meta property=\"article:modified_time\" content=\"2026-02-22T13:31:31+00:00\" \/>\n<meta property=\"og:image\" content=\"https:\/\/www.buettenberg.ch\/wp-content\/uploads\/2025\/04\/share-image-buettenberg.png\" \/>\n\t<meta property=\"og:image:width\" content=\"1200\" \/>\n\t<meta property=\"og:image:height\" content=\"630\" \/>\n\t<meta property=\"og:image:type\" content=\"image\/png\" \/>\n<meta name=\"twitter:card\" content=\"summary_large_image\" \/>\n<script type=\"application\/ld+json\" class=\"yoast-schema-graph\">{\"@context\":\"https:\/\/schema.org\",\"@graph\":[{\"@type\":\"WebPage\",\"@id\":\"https:\/\/www.buettenberg.ch\/fr\/services\/physiotherapie\/\",\"url\":\"https:\/\/www.buettenberg.ch\/fr\/services\/physiotherapie\/\",\"name\":\"Physioth\u00e9rapie | Die Stiftung B\u00fcttenberg\",\"isPartOf\":{\"@id\":\"https:\/\/www.buettenberg.ch\/fr\/#website\"},\"datePublished\":\"2025-04-09T14:32:16+00:00\",\"dateModified\":\"2026-02-22T13:31:31+00:00\",\"description\":\"Physioth\u00e9rapie Pr\u00e9server la mobilit\u00e9 \u2013 renforcer la qualit\u00e9 de vie Une activit\u00e9 cibl\u00e9e contribue \u00e0 maintenir l\u2019autonomie et \u00e0 am\u00e9liorer la qualit\u00e9 de vie.\",\"breadcrumb\":{\"@id\":\"https:\/\/www.buettenberg.ch\/fr\/services\/physiotherapie\/#breadcrumb\"},\"inLanguage\":\"fr-FR\",\"potentialAction\":[{\"@type\":\"ReadAction\",\"target\":[\"https:\/\/www.buettenberg.ch\/fr\/services\/physiotherapie\/\"]}]},{\"@type\":\"BreadcrumbList\",\"@id\":\"https:\/\/www.buettenberg.ch\/fr\/services\/physiotherapie\/#breadcrumb\",\"itemListElement\":[{\"@type\":\"ListItem\",\"position\":1,\"name\":\"Home\",\"item\":\"https:\/\/www.buettenberg.ch\/fr\/accueil\/\"},{\"@type\":\"ListItem\",\"position\":2,\"name\":\"Services\",\"item\":\"https:\/\/www.buettenberg.ch\/fr\/services\/\"},{\"@type\":\"ListItem\",\"position\":3,\"name\":\"Physioth\u00e9rapie\"}]},{\"@type\":\"WebSite\",\"@id\":\"https:\/\/www.buettenberg.ch\/fr\/#website\",\"url\":\"https:\/\/www.buettenberg.ch\/fr\/\",\"name\":\"Die Stiftung B\u00fcttenberg\",\"description\":\"Ein Ort der Begegnungen und Geborgenheit.\",\"publisher\":{\"@id\":\"https:\/\/www.buettenberg.ch\/fr\/#organization\"},\"alternateName\":\"Die Stiftung B\u00fcttenberg\",\"potentialAction\":[{\"@type\":\"SearchAction\",\"target\":{\"@type\":\"EntryPoint\",\"urlTemplate\":\"https:\/\/www.buettenberg.ch\/fr\/?s={search_term_string}\"},\"query-input\":{\"@type\":\"PropertyValueSpecification\",\"valueRequired\":true,\"valueName\":\"search_term_string\"}}],\"inLanguage\":\"fr-FR\"},{\"@type\":\"Organization\",\"@id\":\"https:\/\/www.buettenberg.ch\/fr\/#organization\",\"name\":\"Die Stiftung B\u00fcttenberg\",\"alternateName\":\"Die Stiftung B\u00fcttenberg\",\"url\":\"https:\/\/www.buettenberg.ch\/fr\/\",\"logo\":{\"@type\":\"ImageObject\",\"inLanguage\":\"fr-FR\",\"@id\":\"https:\/\/www.buettenberg.ch\/fr\/#\/schema\/logo\/image\/\",\"url\":\"https:\/\/www.buettenberg.ch\/wp-content\/uploads\/2025\/01\/buttenberg-logo.svg\",\"contentUrl\":\"https:\/\/www.buettenberg.ch\/wp-content\/uploads\/2025\/01\/buttenberg-logo.svg\",\"width\":172,\"height\":60,\"caption\":\"Die Stiftung B\u00fcttenberg\"},\"image\":{\"@id\":\"https:\/\/www.buettenberg.ch\/fr\/#\/schema\/logo\/image\/\"}}]}<\/script>\n<!-- \/ Yoast SEO plugin. -->","yoast_head_json":{"title":"Physioth\u00e9rapie | Die Stiftung B\u00fcttenberg","description":"Physioth\u00e9rapie Pr\u00e9server la mobilit\u00e9 \u2013 renforcer la qualit\u00e9 de vie Une activit\u00e9 cibl\u00e9e contribue \u00e0 maintenir l\u2019autonomie et \u00e0 am\u00e9liorer la qualit\u00e9 de vie.","robots":{"index":"index","follow":"follow","max-snippet":"max-snippet:-1","max-image-preview":"max-image-preview:large","max-video-preview":"max-video-preview:-1"},"canonical":"https:\/\/www.buettenberg.ch\/fr\/services\/physiotherapie\/","og_locale":"fr_FR","og_type":"article","og_title":"Physioth\u00e9rapie | Die Stiftung B\u00fcttenberg","og_description":"Physioth\u00e9rapie Pr\u00e9server la mobilit\u00e9 \u2013 renforcer la qualit\u00e9 de vie Une activit\u00e9 cibl\u00e9e contribue \u00e0 maintenir l\u2019autonomie et \u00e0 am\u00e9liorer la qualit\u00e9 de vie.","og_url":"https:\/\/www.buettenberg.ch\/fr\/services\/physiotherapie\/","og_site_name":"Die Stiftung B\u00fcttenberg","article_modified_time":"2026-02-22T13:31:31+00:00","og_image":[{"width":1200,"height":630,"url":"https:\/\/www.buettenberg.ch\/wp-content\/uploads\/2025\/04\/share-image-buettenberg.png","type":"image\/png"}],"twitter_card":"summary_large_image","schema":{"@context":"https:\/\/schema.org","@graph":[{"@type":"WebPage","@id":"https:\/\/www.buettenberg.ch\/fr\/services\/physiotherapie\/","url":"https:\/\/www.buettenberg.ch\/fr\/services\/physiotherapie\/","name":"Physioth\u00e9rapie | Die Stiftung B\u00fcttenberg","isPartOf":{"@id":"https:\/\/www.buettenberg.ch\/fr\/#website"},"datePublished":"2025-04-09T14:32:16+00:00","dateModified":"2026-02-22T13:31:31+00:00","description":"Physioth\u00e9rapie Pr\u00e9server la mobilit\u00e9 \u2013 renforcer la qualit\u00e9 de vie Une activit\u00e9 cibl\u00e9e contribue \u00e0 maintenir l\u2019autonomie et \u00e0 am\u00e9liorer la qualit\u00e9 de vie.","breadcrumb":{"@id":"https:\/\/www.buettenberg.ch\/fr\/services\/physiotherapie\/#breadcrumb"},"inLanguage":"fr-FR","potentialAction":[{"@type":"ReadAction","target":["https:\/\/www.buettenberg.ch\/fr\/services\/physiotherapie\/"]}]},{"@type":"BreadcrumbList","@id":"https:\/\/www.buettenberg.ch\/fr\/services\/physiotherapie\/#breadcrumb","itemListElement":[{"@type":"ListItem","position":1,"name":"Home","item":"https:\/\/www.buettenberg.ch\/fr\/accueil\/"},{"@type":"ListItem","position":2,"name":"Services","item":"https:\/\/www.buettenberg.ch\/fr\/services\/"},{"@type":"ListItem","position":3,"name":"Physioth\u00e9rapie"}]},{"@type":"WebSite","@id":"https:\/\/www.buettenberg.ch\/fr\/#website","url":"https:\/\/www.buettenberg.ch\/fr\/","name":"Die Stiftung B\u00fcttenberg","description":"Ein Ort der Begegnungen und Geborgenheit.","publisher":{"@id":"https:\/\/www.buettenberg.ch\/fr\/#organization"},"alternateName":"Die Stiftung B\u00fcttenberg","potentialAction":[{"@type":"SearchAction","target":{"@type":"EntryPoint","urlTemplate":"https:\/\/www.buettenberg.ch\/fr\/?s={search_term_string}"},"query-input":{"@type":"PropertyValueSpecification","valueRequired":true,"valueName":"search_term_string"}}],"inLanguage":"fr-FR"},{"@type":"Organization","@id":"https:\/\/www.buettenberg.ch\/fr\/#organization","name":"Die Stiftung B\u00fcttenberg","alternateName":"Die Stiftung B\u00fcttenberg","url":"https:\/\/www.buettenberg.ch\/fr\/","logo":{"@type":"ImageObject","inLanguage":"fr-FR","@id":"https:\/\/www.buettenberg.ch\/fr\/#\/schema\/logo\/image\/","url":"https:\/\/www.buettenberg.ch\/wp-content\/uploads\/2025\/01\/buttenberg-logo.svg","contentUrl":"https:\/\/www.buettenberg.ch\/wp-content\/uploads\/2025\/01\/buttenberg-logo.svg","width":172,"height":60,"caption":"Die Stiftung B\u00fcttenberg"},"image":{"@id":"https:\/\/www.buettenberg.ch\/fr\/#\/schema\/logo\/image\/"}}]}},"_links":{"self":[{"href":"https:\/\/www.buettenberg.ch\/fr\/wp-json\/wp\/v2\/pages\/7244","targetHints":{"allow":["GET"]}}],"collection":[{"href":"https:\/\/www.buettenberg.ch\/fr\/wp-json\/wp\/v2\/pages"}],"about":[{"href":"https:\/\/www.buettenberg.ch\/fr\/wp-json\/wp\/v2\/types\/page"}],"author":[{"embeddable":true,"href":"https:\/\/www.buettenberg.ch\/fr\/wp-json\/wp\/v2\/users\/1"}],"replies":[{"embeddable":true,"href":"https:\/\/www.buettenberg.ch\/fr\/wp-json\/wp\/v2\/comments?post=7244"}],"version-history":[{"count":1,"href":"https:\/\/www.buettenberg.ch\/fr\/wp-json\/wp\/v2\/pages\/7244\/revisions"}],"predecessor-version":[{"id":7245,"href":"https:\/\/www.buettenberg.ch\/fr\/wp-json\/wp\/v2\/pages\/7244\/revisions\/7245"}],"up":[{"embeddable":true,"href":"https:\/\/www.buettenberg.ch\/fr\/wp-json\/wp\/v2\/pages\/7294"}],"wp:attachment":[{"href":"https:\/\/www.buettenberg.ch\/fr\/wp-json\/wp\/v2\/media?parent=7244"}],"curies":[{"name":"wp","href":"https:\/\/api.w.org\/{rel}","templated":true}]}}