{"id":7789,"date":"2025-11-19T11:42:44","date_gmt":"2025-11-19T10:42:44","guid":{"rendered":"https:\/\/www.buettenberg.ch\/product\/plateau-de-fromages\/"},"modified":"2026-04-02T17:36:30","modified_gmt":"2026-04-02T16:36:30","slug":"plateau-de-fromages","status":"publish","type":"product","link":"https:\/\/www.buettenberg.ch\/fr\/produit\/plateau-de-fromages\/","title":{"rendered":"Plateau de fromages"},"content":{"rendered":"<p>Savoureux. Fait maison. Un vrai plaisir pour les gourmets.  <\/p>\n<p>Un plateau de saison soigneusement compos\u00e9, qui attire non seulement le regard, mais offre aussi une v\u00e9ritable exp\u00e9rience gustative.<\/p>\n<p><span class=\"a_GcMg font-feature-liga-off font-feature-clig-off font-feature-calt-off text-decoration-none text-strikethrough-none\">Conserver au r\u00e9frig\u00e9rateur \u00e0 une temp\u00e9rature maximale de 6 \u00b0C. <\/span><\/p>\n<p><span class=\"a_GcMg font-feature-liga-off font-feature-clig-off font-feature-calt-off text-decoration-none text-strikethrough-none\">Prix incluant CHF 20.00 de consigne pour le plateau en bois<br \/>\n<\/span><\/p>\n","protected":false},"excerpt":{"rendered":"<p><b>Plateau de fromages<\/b><b><br \/>\n<\/b><b>(\u00c0 retirer sur place)<\/b><\/p>\n<p data-start=\"187\" data-end=\"260\"><strong data-start=\"230\" data-end=\"260\">+20 CHF pour le plateau en bois<\/strong><\/p>\n<p data-start=\"262\" data-end=\"298\">\n","protected":false},"featured_media":7788,"template":"","meta":{"_jet_sm_ready_style":"","_jet_sm_style":"","_jet_sm_controls_values":"","_jet_sm_fonts_collection":"","_jet_sm_fonts_links":""},"product_brand":[],"product_cat":[48],"product_tag":[],"class_list":{"0":"post-7789","1":"product","2":"type-product","3":"status-publish","4":"has-post-thumbnail","6":"product_cat-repas","7":"product_shipping_class-retrait-sur-place","9":"first","10":"instock","11":"featured","12":"shipping-taxable","13":"purchasable","14":"product-type-simple"},"yoast_head":"<!-- This site is optimized with the Yoast SEO plugin v27.2 - https:\/\/yoast.com\/product\/yoast-seo-wordpress\/ -->\n<title>Plateau de fromages | Die Stiftung B\u00fcttenberg<\/title>\n<meta name=\"description\" content=\"Plateau de fromages (\u00c0 retirer sur place) +20 CHF pour le plateau en bois\" \/>\n<meta name=\"robots\" content=\"index, follow, max-snippet:-1, max-image-preview:large, max-video-preview:-1\" \/>\n<link rel=\"canonical\" href=\"https:\/\/www.buettenberg.ch\/fr\/produit\/plateau-de-fromages\/\" \/>\n<meta property=\"og:locale\" content=\"fr_FR\" \/>\n<meta property=\"og:type\" content=\"article\" \/>\n<meta property=\"og:title\" content=\"Plateau de fromages | Die Stiftung B\u00fcttenberg\" \/>\n<meta property=\"og:description\" content=\"Plateau de fromages (\u00c0 retirer sur place) +20 CHF pour le plateau en bois\" \/>\n<meta property=\"og:url\" content=\"https:\/\/www.buettenberg.ch\/fr\/produit\/plateau-de-fromages\/\" \/>\n<meta property=\"og:site_name\" content=\"Die Stiftung B\u00fcttenberg\" \/>\n<meta property=\"article:modified_time\" content=\"2026-04-02T16:36:30+00:00\" \/>\n<meta property=\"og:image\" content=\"https:\/\/www.buettenberg.ch\/wp-content\/uploads\/2025\/11\/Kaeseplatte1-scaled.jpg\" \/>\n\t<meta property=\"og:image:width\" content=\"2560\" \/>\n\t<meta property=\"og:image:height\" content=\"1707\" \/>\n\t<meta property=\"og:image:type\" content=\"image\/jpeg\" \/>\n<meta name=\"twitter:card\" content=\"summary_large_image\" \/>\n<script type=\"application\/ld+json\" class=\"yoast-schema-graph\">{\"@context\":\"https:\/\/schema.org\",\"@graph\":[{\"@type\":\"WebPage\",\"@id\":\"https:\/\/www.buettenberg.ch\/fr\/produit\/plateau-de-fromages\/\",\"url\":\"https:\/\/www.buettenberg.ch\/fr\/produit\/plateau-de-fromages\/\",\"name\":\"Plateau de fromages | Die Stiftung B\u00fcttenberg\",\"isPartOf\":{\"@id\":\"https:\/\/www.buettenberg.ch\/fr\/#website\"},\"primaryImageOfPage\":{\"@id\":\"https:\/\/www.buettenberg.ch\/fr\/produit\/plateau-de-fromages\/#primaryimage\"},\"image\":{\"@id\":\"https:\/\/www.buettenberg.ch\/fr\/produit\/plateau-de-fromages\/#primaryimage\"},\"thumbnailUrl\":\"https:\/\/www.buettenberg.ch\/wp-content\/uploads\/2025\/11\/Kaeseplatte1-scaled.jpg\",\"datePublished\":\"2025-11-19T10:42:44+00:00\",\"dateModified\":\"2026-04-02T16:36:30+00:00\",\"description\":\"Plateau de fromages (\u00c0 retirer sur place) +20 CHF pour le plateau en bois\",\"breadcrumb\":{\"@id\":\"https:\/\/www.buettenberg.ch\/fr\/produit\/plateau-de-fromages\/#breadcrumb\"},\"inLanguage\":\"fr-FR\",\"potentialAction\":[{\"@type\":\"ReadAction\",\"target\":[\"https:\/\/www.buettenberg.ch\/fr\/produit\/plateau-de-fromages\/\"]}]},{\"@type\":\"ImageObject\",\"inLanguage\":\"fr-FR\",\"@id\":\"https:\/\/www.buettenberg.ch\/fr\/produit\/plateau-de-fromages\/#primaryimage\",\"url\":\"https:\/\/www.buettenberg.ch\/wp-content\/uploads\/2025\/11\/Kaeseplatte1-scaled.jpg\",\"contentUrl\":\"https:\/\/www.buettenberg.ch\/wp-content\/uploads\/2025\/11\/Kaeseplatte1-scaled.jpg\",\"width\":2560,\"height\":1707},{\"@type\":\"BreadcrumbList\",\"@id\":\"https:\/\/www.buettenberg.ch\/fr\/produit\/plateau-de-fromages\/#breadcrumb\",\"itemListElement\":[{\"@type\":\"ListItem\",\"position\":1,\"name\":\"Home\",\"item\":\"https:\/\/www.buettenberg.ch\/fr\/accueil\/\"},{\"@type\":\"ListItem\",\"position\":2,\"name\":\"Boutique\",\"item\":\"https:\/\/www.buettenberg.ch\/fr\/boutique\/\"},{\"@type\":\"ListItem\",\"position\":3,\"name\":\"Plateau de fromages\"}]},{\"@type\":\"WebSite\",\"@id\":\"https:\/\/www.buettenberg.ch\/fr\/#website\",\"url\":\"https:\/\/www.buettenberg.ch\/fr\/\",\"name\":\"Die Stiftung B\u00fcttenberg\",\"description\":\"Ein Ort der Begegnungen und Geborgenheit.\",\"publisher\":{\"@id\":\"https:\/\/www.buettenberg.ch\/fr\/#organization\"},\"alternateName\":\"Die Stiftung B\u00fcttenberg\",\"potentialAction\":[{\"@type\":\"SearchAction\",\"target\":{\"@type\":\"EntryPoint\",\"urlTemplate\":\"https:\/\/www.buettenberg.ch\/fr\/?s={search_term_string}\"},\"query-input\":{\"@type\":\"PropertyValueSpecification\",\"valueRequired\":true,\"valueName\":\"search_term_string\"}}],\"inLanguage\":\"fr-FR\"},{\"@type\":\"Organization\",\"@id\":\"https:\/\/www.buettenberg.ch\/fr\/#organization\",\"name\":\"Die Stiftung B\u00fcttenberg\",\"alternateName\":\"Die Stiftung B\u00fcttenberg\",\"url\":\"https:\/\/www.buettenberg.ch\/fr\/\",\"logo\":{\"@type\":\"ImageObject\",\"inLanguage\":\"fr-FR\",\"@id\":\"https:\/\/www.buettenberg.ch\/fr\/#\/schema\/logo\/image\/\",\"url\":\"https:\/\/www.buettenberg.ch\/wp-content\/uploads\/2025\/01\/buttenberg-logo.svg\",\"contentUrl\":\"https:\/\/www.buettenberg.ch\/wp-content\/uploads\/2025\/01\/buttenberg-logo.svg\",\"width\":172,\"height\":60,\"caption\":\"Die Stiftung B\u00fcttenberg\"},\"image\":{\"@id\":\"https:\/\/www.buettenberg.ch\/fr\/#\/schema\/logo\/image\/\"}}]}<\/script>\n<!-- \/ Yoast SEO plugin. -->","yoast_head_json":{"title":"Plateau de fromages | Die Stiftung B\u00fcttenberg","description":"Plateau de fromages (\u00c0 retirer sur place) +20 CHF pour le plateau en bois","robots":{"index":"index","follow":"follow","max-snippet":"max-snippet:-1","max-image-preview":"max-image-preview:large","max-video-preview":"max-video-preview:-1"},"canonical":"https:\/\/www.buettenberg.ch\/fr\/produit\/plateau-de-fromages\/","og_locale":"fr_FR","og_type":"article","og_title":"Plateau de fromages | Die Stiftung B\u00fcttenberg","og_description":"Plateau de fromages (\u00c0 retirer sur place) +20 CHF pour le plateau en bois","og_url":"https:\/\/www.buettenberg.ch\/fr\/produit\/plateau-de-fromages\/","og_site_name":"Die Stiftung B\u00fcttenberg","article_modified_time":"2026-04-02T16:36:30+00:00","og_image":[{"width":2560,"height":1707,"url":"https:\/\/www.buettenberg.ch\/wp-content\/uploads\/2025\/11\/Kaeseplatte1-scaled.jpg","type":"image\/jpeg"}],"twitter_card":"summary_large_image","schema":{"@context":"https:\/\/schema.org","@graph":[{"@type":"WebPage","@id":"https:\/\/www.buettenberg.ch\/fr\/produit\/plateau-de-fromages\/","url":"https:\/\/www.buettenberg.ch\/fr\/produit\/plateau-de-fromages\/","name":"Plateau de fromages | Die Stiftung B\u00fcttenberg","isPartOf":{"@id":"https:\/\/www.buettenberg.ch\/fr\/#website"},"primaryImageOfPage":{"@id":"https:\/\/www.buettenberg.ch\/fr\/produit\/plateau-de-fromages\/#primaryimage"},"image":{"@id":"https:\/\/www.buettenberg.ch\/fr\/produit\/plateau-de-fromages\/#primaryimage"},"thumbnailUrl":"https:\/\/www.buettenberg.ch\/wp-content\/uploads\/2025\/11\/Kaeseplatte1-scaled.jpg","datePublished":"2025-11-19T10:42:44+00:00","dateModified":"2026-04-02T16:36:30+00:00","description":"Plateau de fromages (\u00c0 retirer sur place) +20 CHF pour le plateau en bois","breadcrumb":{"@id":"https:\/\/www.buettenberg.ch\/fr\/produit\/plateau-de-fromages\/#breadcrumb"},"inLanguage":"fr-FR","potentialAction":[{"@type":"ReadAction","target":["https:\/\/www.buettenberg.ch\/fr\/produit\/plateau-de-fromages\/"]}]},{"@type":"ImageObject","inLanguage":"fr-FR","@id":"https:\/\/www.buettenberg.ch\/fr\/produit\/plateau-de-fromages\/#primaryimage","url":"https:\/\/www.buettenberg.ch\/wp-content\/uploads\/2025\/11\/Kaeseplatte1-scaled.jpg","contentUrl":"https:\/\/www.buettenberg.ch\/wp-content\/uploads\/2025\/11\/Kaeseplatte1-scaled.jpg","width":2560,"height":1707},{"@type":"BreadcrumbList","@id":"https:\/\/www.buettenberg.ch\/fr\/produit\/plateau-de-fromages\/#breadcrumb","itemListElement":[{"@type":"ListItem","position":1,"name":"Home","item":"https:\/\/www.buettenberg.ch\/fr\/accueil\/"},{"@type":"ListItem","position":2,"name":"Boutique","item":"https:\/\/www.buettenberg.ch\/fr\/boutique\/"},{"@type":"ListItem","position":3,"name":"Plateau de fromages"}]},{"@type":"WebSite","@id":"https:\/\/www.buettenberg.ch\/fr\/#website","url":"https:\/\/www.buettenberg.ch\/fr\/","name":"Die Stiftung B\u00fcttenberg","description":"Ein Ort der Begegnungen und Geborgenheit.","publisher":{"@id":"https:\/\/www.buettenberg.ch\/fr\/#organization"},"alternateName":"Die Stiftung B\u00fcttenberg","potentialAction":[{"@type":"SearchAction","target":{"@type":"EntryPoint","urlTemplate":"https:\/\/www.buettenberg.ch\/fr\/?s={search_term_string}"},"query-input":{"@type":"PropertyValueSpecification","valueRequired":true,"valueName":"search_term_string"}}],"inLanguage":"fr-FR"},{"@type":"Organization","@id":"https:\/\/www.buettenberg.ch\/fr\/#organization","name":"Die Stiftung B\u00fcttenberg","alternateName":"Die Stiftung B\u00fcttenberg","url":"https:\/\/www.buettenberg.ch\/fr\/","logo":{"@type":"ImageObject","inLanguage":"fr-FR","@id":"https:\/\/www.buettenberg.ch\/fr\/#\/schema\/logo\/image\/","url":"https:\/\/www.buettenberg.ch\/wp-content\/uploads\/2025\/01\/buttenberg-logo.svg","contentUrl":"https:\/\/www.buettenberg.ch\/wp-content\/uploads\/2025\/01\/buttenberg-logo.svg","width":172,"height":60,"caption":"Die Stiftung B\u00fcttenberg"},"image":{"@id":"https:\/\/www.buettenberg.ch\/fr\/#\/schema\/logo\/image\/"}}]}},"_links":{"self":[{"href":"https:\/\/www.buettenberg.ch\/fr\/wp-json\/wp\/v2\/product\/7789","targetHints":{"allow":["GET"]}}],"collection":[{"href":"https:\/\/www.buettenberg.ch\/fr\/wp-json\/wp\/v2\/product"}],"about":[{"href":"https:\/\/www.buettenberg.ch\/fr\/wp-json\/wp\/v2\/types\/product"}],"wp:featuredmedia":[{"embeddable":true,"href":"https:\/\/www.buettenberg.ch\/fr\/wp-json\/wp\/v2\/media\/7788"}],"wp:attachment":[{"href":"https:\/\/www.buettenberg.ch\/fr\/wp-json\/wp\/v2\/media?parent=7789"}],"wp:term":[{"taxonomy":"product_brand","embeddable":true,"href":"https:\/\/www.buettenberg.ch\/fr\/wp-json\/wp\/v2\/product_brand?post=7789"},{"taxonomy":"product_cat","embeddable":true,"href":"https:\/\/www.buettenberg.ch\/fr\/wp-json\/wp\/v2\/product_cat?post=7789"},{"taxonomy":"product_tag","embeddable":true,"href":"https:\/\/www.buettenberg.ch\/fr\/wp-json\/wp\/v2\/product_tag?post=7789"}],"curies":[{"name":"wp","href":"https:\/\/api.w.org\/{rel}","templated":true}]}}